{"id":6848,"date":"2025-10-03T14:03:05","date_gmt":"2025-10-03T14:03:05","guid":{"rendered":"https:\/\/brixx.it\/?page_id=6848"},"modified":"2025-11-01T09:31:09","modified_gmt":"2025-11-01T09:31:09","slug":"brixx-process-script","status":"publish","type":"page","link":"https:\/\/brixx.it\/?page_id=6848","title":{"rendered":"Brixx Process Script"},"content":{"rendered":"\t\t<div data-elementor-type=\"wp-page\" data-elementor-id=\"6848\" class=\"elementor elementor-6848\">\n\t\t\t\t\t\t<section class=\"elementor-section elementor-top-section elementor-element elementor-element-fc8a12d elementor-section-boxed elementor-section-height-default elementor-section-height-default\" data-id=\"fc8a12d\" data-element_type=\"section\" data-e-type=\"section\">\n\t\t\t\t\t\t<div class=\"elementor-container elementor-column-gap-default\">\n\t\t\t\t\t<div class=\"elementor-column elementor-col-100 elementor-top-column elementor-element elementor-element-af882ff\" data-id=\"af882ff\" data-element_type=\"column\" data-e-type=\"column\">\n\t\t\t<div class=\"elementor-widget-wrap elementor-element-populated\">\n\t\t\t\t\t\t<section class=\"elementor-section elementor-inner-section elementor-element elementor-element-8afafb4 elementor-section-boxed elementor-section-height-default elementor-section-height-default\" data-id=\"8afafb4\" data-element_type=\"section\" data-e-type=\"section\">\n\t\t\t\t\t\t<div class=\"elementor-container elementor-column-gap-custom\">\n\t\t\t\t\t<div class=\"elementor-column elementor-col-50 elementor-inner-column elementor-element elementor-element-cc0b77c\" data-id=\"cc0b77c\" data-element_type=\"column\" data-e-type=\"column\">\n\t\t\t<div class=\"elementor-widget-wrap elementor-element-populated\">\n\t\t\t\t\t\t<div class=\"elementor-element elementor-element-31672f9 elementor-widget elementor-widget-image\" data-id=\"31672f9\" data-element_type=\"widget\" data-e-type=\"widget\" data-widget_type=\"image.default\">\n\t\t\t\t\t\t\t\t\t\t\t\t\t\t\t\t<a href=\"https:\/\/github.com\/BietSoft\/brixx.docs\/blob\/main\/brixx-process-script\/README.md#-brixx-web-baustein-brixx-login-process-erstellen-html-based\" target=\"_blank\">\n\t\t\t\t\t\t\t<img decoding=\"async\" src=\"https:\/\/brixx.it\/wp-content\/uploads\/2025\/10\/html-sample.jpg\" title=\"html-sample\" alt=\"html-sample\" loading=\"lazy\" \/>\t\t\t\t\t\t\t\t<\/a>\n\t\t\t\t\t\t\t\t\t\t\t\t\t\t\t<\/div>\n\t\t\t\t<div class=\"elementor-element elementor-element-23f111e elementor-widget elementor-widget-text-editor\" data-id=\"23f111e\" data-element_type=\"widget\" data-e-type=\"widget\" data-widget_type=\"text-editor.default\">\n\t\t\t\t\t\t\t\t\t<span style=\"font-weight: 400; color: #5d5d5d;\">Brixx Process Script Webformular\u00a0<a href=\"https:\/\/github.com\/BietSoft\/brixx.docs\/blob\/main\/brixx-process-script\/README.md#-brixx-web-baustein-brixx-login-process-erstellen-html-based\" target=\"_blank\" rel=\"noopener\"><span style=\"color: #999999;\">Benutzer-Login Prozess <i class=\"icofont-arrow-right\"><\/i><\/span><\/a><\/span>\t\t\t\t\t\t\t\t<\/div>\n\t\t\t\t\t<\/div>\n\t\t<\/div>\n\t\t\t\t<div class=\"elementor-column elementor-col-50 elementor-inner-column elementor-element elementor-element-e91f895\" data-id=\"e91f895\" data-element_type=\"column\" data-e-type=\"column\">\n\t\t\t<div class=\"elementor-widget-wrap elementor-element-populated\">\n\t\t\t\t\t\t<div class=\"elementor-element elementor-element-e6ddcf4 nupur-star-rating--align-center elementor-widget elementor-widget-witr_section_title\" data-id=\"e6ddcf4\" data-element_type=\"widget\" data-e-type=\"widget\" data-widget_type=\"witr_section_title.default\">\n\t\t\t\t<div class=\"elementor-widget-container\">\n\t\t\t\t\t\t\t\t\t\t<!-- title left -->\n\t\t\t\t\t<div class=\"witr_section_title\">\n\t\t\t\t\t\t<div class=\"witr_section_title_inner text-left\">\n\t\t\t\t\t\t\n\t\t\t\t\t\t\t<!-- icon position -->\n\t\t\t\t\t\t\t\t\n\t\t\t\t\t\t\t<!-- end icon position -->\n\t\t\t\t\t\t\n\t\t\t\t\t\t\n\t\t\t\t\t\t\t<!-- title top -->\n\t\t\t\t\t\t\t\n\t\t\t\t\t\t\t<!-- icon position -->\n\t\t\t\t\t\t\t\t\n\t\t\t\t\t\t\t<!-- end icon position -->\n\n\t\t\t\t\t\t\t\n\t\t\t\t\t\t\t<!-- title middle -->\n\t\t\t\t\t\t\t\t\t\t\t\t\t\t\t<h3>Brixx Process Script<\/h3>\t\t\n\t\t\t\t\t\t\t\t\t\t\t\t\t\t<!-- title bottom -->\n\t\t\t\t\t\t\t\t\t\t\t\t\t\t\n\t\t\t\t\t\t\t<!-- icon position -->\n\t\t\t\t\t\t\t\t\t\t\t\t\t\t\n\t\t\t\t\t\t\t<!-- image -->\n\t\t\t\t\t\t\t\t\t\t\t\t\t\t<!-- icon -->\n\t\t\t\t\t\t\t\t\t\t\t\t\t\t\n\t\t\t\t\t\t\t<!-- bar -->\n\t\t\t\t\t\t\t\t\t\t\t\t\t\t<!-- circle bar -->\n\t\t\t\t\t\t\t\t\t\t\t\t\t\t\n\t\t\t\t\t\t\t\t\n\t\t\t\t\t\t\t<!-- end icon position -->\n\n\t\t\t\t\t\t\t<!-- content -->\n\t\t\t\t\t\t\t\t\t\t\t\t\t<\/div>\n\t\t\t\t\t\t\t<!-- inner title -->\n\t\t\t\t\t\t\t\t\t\t\t\t\t\n\t\t\t\t\t<\/div>\t\t\t\t\n\t\t\t\t\t\t\t\t<\/div>\n\t\t\t\t<\/div>\n\t\t\t\t<div class=\"elementor-element elementor-element-a7f20dd elementor-widget elementor-widget-heading\" data-id=\"a7f20dd\" data-element_type=\"widget\" data-e-type=\"widget\" data-widget_type=\"heading.default\">\n\t\t\t\t\t<h2 class=\"elementor-heading-title elementor-size-default\"><span style=\"font-weight: normal\">[Process Driven Development for everyone]<\/span><\/h2>\t\t\t\t<\/div>\n\t\t\t\t<div class=\"elementor-element elementor-element-677cad6 elementor-widget__width-initial elementor-widget elementor-widget-text-editor\" data-id=\"677cad6\" data-element_type=\"widget\" data-e-type=\"widget\" data-widget_type=\"text-editor.default\">\n\t\t\t\t\t\t\t\t\t<p>Mit&nbsp;<b>Brixx Process Script<\/b> ist neben der Entwicklung mit JavaScript oder Python auch eine Integration in HTML und die Entwicklung mit <strong>allgemeinen&nbsp;Webtechnologien<\/strong>&nbsp;m\u00f6glich. Auch Frameworks wie React werden unterst\u00fctzt. Dadurch kann die Entwicklung auf ein Minimum reduziert werden, erm\u00f6glicht eine schnelle Prozesserstellung, und neben allgemeinen Kenntnissen der Webentwicklung werden keine besonderen Fachkenntnisse ben\u00f6tigt. Das gibt auch einem&nbsp;<b>Webentwickler<\/b>&nbsp;die M\u00f6glichkeit Prozesse und Workflows zu erstellen, oder Webagenturen und Freiberuflern die Angebotspalette zu erweitern.<\/p>\t\t\t\t\t\t\t\t<\/div>\n\t\t\t\t\t<\/div>\n\t\t<\/div>\n\t\t\t\t\t<\/div>\n\t\t<\/section>\n\t\t\t\t<div class=\"elementor-element elementor-element-643ea92 elementor-widget elementor-widget-text-editor\" data-id=\"643ea92\" data-element_type=\"widget\" data-e-type=\"widget\" data-widget_type=\"text-editor.default\">\n\t\t\t\t\t\t\t\t\t<div style=\"line-height: 2; font-size: 1.7em; font-weight: 550;\">Downloads<\/div>\n<div class=\"installer-style\"><img decoding=\"async\" class=\"mr-2\" src=\"https:\/\/brixx.it\/wp-content\/uploads\/2025\/10\/logo-blue.svg\" width=\"50\">CDN &#8211; Latest Stable Version<br><\/div>\n<p>Version 1.3.5 (Latest)<\/p>\n<p><a href=\"https:\/\/brixx.it\/@brixx\/process-script\/@1.3.5\/brixx-process.min.js\" target=\"_blank\" rel=\"noopener\">Brixx-Process-Script Standalone (minified)<\/a><\/p>\n<p>Brixx-Process-Script Standalone Datei brixx-process.min.js im <code>&lt;script&gt;<\/code>-Tag referenzieren.<br><code>&lt;script src=\"https:\/\/brixx.it\/@brixx\/process-script\/@1.3.5\/brixx-process.min.js\"&gt;&lt;\/script&gt;<\/code><\/p>\n<p><a href=\"https:\/\/brixx.it\/@brixx\/process-script\/@1.3.5\/brixx-process.js\" target=\"_blank\" rel=\"noopener\">Brixx-Process-Script Library (minified)<\/a><\/p>\n<p>Brixx-Process-Script Modul Brixx von der Library Datei <code>.\/brixx-process.js<\/code> importieren.<br><code>import { Brixx } from '.\/brixx-process'<\/code><\/p>\n<p><img decoding=\"async\" style=\"height: 28px;\" src=\"https:\/\/brixx.it\/wp-content\/uploads\/2025\/10\/npm.svg\"><br>Version 1.3.5 (Stable)<\/p>\n<p><a href=\"https:\/\/www.npmjs.com\/package\/@brixx\/process-script\" target=\"_blank\" rel=\"noopener\">Brixx-Process-Script Package (@brixx\/process-script)<\/a><\/p>\n<p>Brixx-Process-Script Package installieren<br><code>&gt; npm i @brixx\/process-script<\/code><\/p>\n<p>Brixx-Process-Script Modul Brixx vom Package <code>@brixx\/process-script<\/code> importieren.<br><code>import { Brixx } from '@brixx\/process-script'<\/code><\/p>\n<div class=\"installer-style\"><i class=\"fa-brands fa-2x fa-github mr-2 mb-1\"><\/i>GitHub<\/div>\n<p>Hier findet man Informationen zu aktuellen Produkten, Dokumentation, Referenz und Beispiele.<\/p>\n<p><a href=\"https:\/\/github.com\/BietSoft\/brixx.docs\/blob\/main\/brixx-process-script\/README.md\" target=\"_blank\" rel=\"noopener\">Brixx-Process-Script Dokumentation<\/a><\/p>\t\t\t\t\t\t\t\t<\/div>\n\t\t\t\t\t<\/div>\n\t\t<\/div>\n\t\t\t\t\t<\/div>\n\t\t<\/section>\n\t\t\t\t<\/div>\n\t\t","protected":false},"excerpt":{"rendered":"<p>Brixx Process Script Webformular\u00a0Benutzer-Login Prozess Brixx Process Script [Process Driven Development for everyone] Mit&nbsp;Brixx Process Script ist neben der Entwicklung mit JavaScript oder Python auch eine Integration in HTML und die Entwicklung mit allgemeinen&nbsp;Webtechnologien&nbsp;m\u00f6glich. Auch Frameworks wie React werden unterst\u00fctzt. Dadurch kann die Entwicklung auf ein Minimum reduziert werden, erm\u00f6glicht eine schnelle Prozesserstellung, und neben [&hellip;]<\/p>\n","protected":false},"author":1,"featured_media":0,"parent":0,"menu_order":0,"comment_status":"closed","ping_status":"closed","template":"template-home.php","meta":{"footnotes":""},"class_list":["post-6848","page","type-page","status-publish","hentry"],"_links":{"self":[{"href":"https:\/\/brixx.it\/index.php?rest_route=\/wp\/v2\/pages\/6848","targetHints":{"allow":["GET"]}}],"collection":[{"href":"https:\/\/brixx.it\/index.php?rest_route=\/wp\/v2\/pages"}],"about":[{"href":"https:\/\/brixx.it\/index.php?rest_route=\/wp\/v2\/types\/page"}],"author":[{"embeddable":true,"href":"https:\/\/brixx.it\/index.php?rest_route=\/wp\/v2\/users\/1"}],"replies":[{"embeddable":true,"href":"https:\/\/brixx.it\/index.php?rest_route=%2Fwp%2Fv2%2Fcomments&post=6848"}],"version-history":[{"count":0,"href":"https:\/\/brixx.it\/index.php?rest_route=\/wp\/v2\/pages\/6848\/revisions"}],"wp:attachment":[{"href":"https:\/\/brixx.it\/index.php?rest_route=%2Fwp%2Fv2%2Fmedia&parent=6848"}],"curies":[{"name":"wp","href":"https:\/\/api.w.org\/{rel}","templated":true}]}}