{"id":6822,"date":"2025-10-03T14:01:23","date_gmt":"2025-10-03T14:01:23","guid":{"rendered":"https:\/\/brixx.it\/?page_id=6822"},"modified":"2025-10-31T18:46:43","modified_gmt":"2025-10-31T18:46:43","slug":"brixx-process-engine","status":"publish","type":"page","link":"https:\/\/brixx.it\/?page_id=6822","title":{"rendered":"Brixx Script"},"content":{"rendered":"\t\t<div data-elementor-type=\"wp-page\" data-elementor-id=\"6822\" class=\"elementor elementor-6822\">\n\t\t\t\t\t\t<section class=\"elementor-section elementor-top-section elementor-element elementor-element-fc8a12d elementor-section-boxed elementor-section-height-default elementor-section-height-default\" data-id=\"fc8a12d\" data-element_type=\"section\" data-e-type=\"section\">\n\t\t\t\t\t\t<div class=\"elementor-container elementor-column-gap-default\">\n\t\t\t\t\t<div class=\"elementor-column elementor-col-100 elementor-top-column elementor-element elementor-element-af882ff\" data-id=\"af882ff\" data-element_type=\"column\" data-e-type=\"column\">\n\t\t\t<div class=\"elementor-widget-wrap elementor-element-populated\">\n\t\t\t\t\t\t<section class=\"elementor-section elementor-inner-section elementor-element elementor-element-1bce538 elementor-section-boxed elementor-section-height-default elementor-section-height-default\" data-id=\"1bce538\" data-element_type=\"section\" data-e-type=\"section\">\n\t\t\t\t\t\t<div class=\"elementor-container elementor-column-gap-custom\">\n\t\t\t\t\t<div class=\"elementor-column elementor-col-50 elementor-inner-column elementor-element elementor-element-edaa1e9\" data-id=\"edaa1e9\" data-element_type=\"column\" data-e-type=\"column\">\n\t\t\t<div class=\"elementor-widget-wrap elementor-element-populated\">\n\t\t\t\t\t\t<div class=\"elementor-element elementor-element-93080e8 elementor-widget elementor-widget-image\" data-id=\"93080e8\" data-element_type=\"widget\" data-e-type=\"widget\" data-widget_type=\"image.default\">\n\t\t\t\t\t\t\t\t\t\t\t\t\t\t\t<img fetchpriority=\"high\" decoding=\"async\" width=\"900\" height=\"550\" src=\"https:\/\/brixx.it\/wp-content\/uploads\/2025\/10\/brixx-process-engine1-1.jpg\" class=\"attachment-full size-full wp-image-9845\" alt=\"Brixx Process Engine\" srcset=\"https:\/\/brixx.it\/wp-content\/uploads\/2025\/10\/brixx-process-engine1-1.jpg 900w, https:\/\/brixx.it\/wp-content\/uploads\/2025\/10\/brixx-process-engine1-1-300x183.jpg 300w, https:\/\/brixx.it\/wp-content\/uploads\/2025\/10\/brixx-process-engine1-1-768x469.jpg 768w\" sizes=\"(max-width: 900px) 100vw, 900px\" \/>\t\t\t\t\t\t\t\t\t\t\t\t\t\t\t<\/div>\n\t\t\t\t\t<\/div>\n\t\t<\/div>\n\t\t\t\t<div class=\"elementor-column elementor-col-50 elementor-inner-column elementor-element elementor-element-76358a1\" data-id=\"76358a1\" data-element_type=\"column\" data-e-type=\"column\">\n\t\t\t<div class=\"elementor-widget-wrap elementor-element-populated\">\n\t\t\t\t\t\t<div class=\"elementor-element elementor-element-afcae2b nupur-star-rating--align-center elementor-widget elementor-widget-witr_section_title\" data-id=\"afcae2b\" data-element_type=\"widget\" data-e-type=\"widget\" data-widget_type=\"witr_section_title.default\">\n\t\t\t\t<div class=\"elementor-widget-container\">\n\t\t\t\t\t\t\t\t\t\t<!-- title left -->\n\t\t\t\t\t<div class=\"witr_section_title\">\n\t\t\t\t\t\t<div class=\"witr_section_title_inner text-left\">\n\t\t\t\t\t\t\n\t\t\t\t\t\t\t<!-- icon position -->\n\t\t\t\t\t\t\t\t\n\t\t\t\t\t\t\t<!-- end icon position -->\n\t\t\t\t\t\t\n\t\t\t\t\t\t\n\t\t\t\t\t\t\t<!-- title top -->\n\t\t\t\t\t\t\t\n\t\t\t\t\t\t\t<!-- icon position -->\n\t\t\t\t\t\t\t\t\n\t\t\t\t\t\t\t<!-- end icon position -->\n\n\t\t\t\t\t\t\t\n\t\t\t\t\t\t\t<!-- title middle -->\n\t\t\t\t\t\t\t\t\t\t\t\t\t\t\t<h3>Brixx Script<\/h3>\t\t\n\t\t\t\t\t\t\t\t\t\t\t\t\t\t<!-- title bottom -->\n\t\t\t\t\t\t\t\t\t\t\t\t\t\t\n\t\t\t\t\t\t\t<!-- icon position -->\n\t\t\t\t\t\t\t\t\t\t\t\t\t\t\n\t\t\t\t\t\t\t<!-- image -->\n\t\t\t\t\t\t\t\t\t\t\t\t\t\t<!-- icon -->\n\t\t\t\t\t\t\t\t\t\t\t\t\t\t\n\t\t\t\t\t\t\t<!-- bar -->\n\t\t\t\t\t\t\t\t\t\t\t\t\t\t<!-- circle bar -->\n\t\t\t\t\t\t\t\t\t\t\t\t\t\t\n\t\t\t\t\t\t\t\t\n\t\t\t\t\t\t\t<!-- end icon position -->\n\n\t\t\t\t\t\t\t<!-- content -->\n\t\t\t\t\t\t\t\t\t\t\t\t\t<\/div>\n\t\t\t\t\t\t\t<!-- inner title -->\n\t\t\t\t\t\t\t\t\t\t\t\t\t\n\t\t\t\t\t<\/div>\t\t\t\t\n\t\t\t\t\t\t\t\t<\/div>\n\t\t\t\t<\/div>\n\t\t\t\t<div class=\"elementor-element elementor-element-49a1248 elementor-widget elementor-widget-heading\" data-id=\"49a1248\" data-element_type=\"widget\" data-e-type=\"widget\" data-widget_type=\"heading.default\">\n\t\t\t\t\t<h2 class=\"elementor-heading-title elementor-size-default\"><span style=\"font-weight: normal\">[Build smart components for web applications]<\/span><\/h2>\t\t\t\t<\/div>\n\t\t\t\t<div class=\"elementor-element elementor-element-eee3d0b elementor-widget__width-initial elementor-widget elementor-widget-text-editor\" data-id=\"eee3d0b\" data-element_type=\"widget\" data-e-type=\"widget\" data-widget_type=\"text-editor.default\">\n\t\t\t\t\t\t\t\t\t<p>Die <b>Brixx Script<\/b> Library ist eine kostenlose JavaScript-Bibliothek zum Erstellen <b>unabh\u00e4ngiger Webkomponenten<\/b>. Damit k\u00f6nnen <b>Smart Web Components<\/b>, auch&nbsp;<b>Brixx Web-Bausteine<\/b> (brixx) genannt, f\u00fcr Websites und Webanwendungen erstellt, und der Programmieraufwand&nbsp;auf ein Minimum&nbsp;reduziert werden,&nbsp;f\u00fcr eine <b>Low-Code-Entwicklung<\/b>. Brixx Web-Bausteine werden mit <a href=\"https:\/\/en.wikipedia.org\/wiki\/JSX_(JavaScript)\" target=\"_blank\" rel=\"noopener\">JSX (JavaScript XML)<\/a> erstellt und k\u00f6nnen&nbsp;HTML-Dokumenten als Brixx-HTML-Elemente oder als Brixx Script-Components in JavaScript-Anwendungen und Frameworks verwendet werden.<\/p>\t\t\t\t\t\t\t\t<\/div>\n\t\t\t\t\t<\/div>\n\t\t<\/div>\n\t\t\t\t\t<\/div>\n\t\t<\/section>\n\t\t\t\t<div class=\"elementor-element elementor-element-8751599 elementor-widget elementor-widget-text-editor\" data-id=\"8751599\" data-element_type=\"widget\" data-e-type=\"widget\" data-widget_type=\"text-editor.default\">\n\t\t\t\t\t\t\t\t\t<div style=\"line-height: 2; font-size: 1.7em; font-weight: 550;\">Downloads<\/div>\n<div class=\"installer-style\"><img decoding=\"async\" class=\"mr-2\" src=\"https:\/\/brixx.it\/wp-content\/uploads\/2025\/10\/logo-blue.svg\" width=\"50\">CDN &#8211; Latest Stable Version<\/div>\n<p>Version 1.2.1 (Latest)<\/p>\n<p><a href=\"https:\/\/brixx.it\/@brixx\/script\/@1.2.1\/brixx.min.js\" target=\"_blank\" rel=\"noopener\">Brixx-Script Standalone (minified)<\/a><\/p>\n<p>Brixx-Script Standalone Datei brixx.min.js im <code>&lt;script&gt;<\/code>-Tag referenzieren.<br>\n<code>&lt;script src=\"https:\/\/brixx.it\/@brixx\/script\/@1.2.1\/brixx.min.js\"&gt;&lt;\/script&gt;<\/code><\/p>\n<p><a href=\"https:\/\/brixx.it\/@brixx\/script\/@1.2.1\/brixx.js\" target=\"_blank\" rel=\"noopener\">Brixx-Script Library (minified)<\/a><\/p>\n<p>Brixx-Script Modul Brixx von der Library Datei <code>.\/brixx.js<\/code> importieren.<br>\n<code>import { Brixx } from '.\/brixx'<\/code><\/p>\n<p><img decoding=\"async\" style=\"height: 28px;\" src=\"https:\/\/brixx.it\/wp-content\/uploads\/2025\/10\/npm.svg\"><br>\nVersion 1.2.1 (Stable)<\/p>\n<p><a href=\"https:\/\/www.npmjs.com\/package\/@brixx\/script\" target=\"_blank\" rel=\"noopener\">Brixx-Script Package (@brixx\/script)<\/a><\/p>\n<p>Brixx-Script Package installieren<br>\n<code>&gt; npm i @brixx\/script<\/code><\/p>\n<p>Brixx-Script Modul Brixx vom Package <code>@brixx\/script<\/code> importieren.<br>\n<code>import { Brixx } from '@brixx\/script'<\/code><\/p>\n<div class=\"installer-style\"><i class=\"fa-brands fa-2x fa-github mr-2 mb-1\"><\/i>GitHub<\/div>\n<p>Hier findet man Informationen zu aktuellen Produkten, Dokumentation, Referenz und Beispiele.<\/p>\n<p><a href=\"https:\/\/github.com\/BietSoft\/brixx.docs\/blob\/main\/brixx-script\/README.md\" target=\"_blank\" rel=\"noopener\">Brixx-Script Dokumentation<\/a><\/p>\n<div><img decoding=\"async\" style=\"cursor: pointer;\" title=\"PayPal - The safer, easier way to pay online!\" src=\"https:\/\/www.paypalobjects.com\/en_US\/DK\/i\/btn\/btn_donateCC_LG.gif\" alt=\"Donate with PayPal button\"><\/div>\t\t\t\t\t\t\t\t<\/div>\n\t\t\t\t\t<\/div>\n\t\t<\/div>\n\t\t\t\t\t<\/div>\n\t\t<\/section>\n\t\t\t\t<\/div>\n\t\t","protected":false},"excerpt":{"rendered":"<p>Brixx Script [Build smart components for web applications] Die Brixx Script Library ist eine kostenlose JavaScript-Bibliothek zum Erstellen unabh\u00e4ngiger Webkomponenten. Damit k\u00f6nnen Smart Web Components, auch&nbsp;Brixx Web-Bausteine (brixx) genannt, f\u00fcr Websites und Webanwendungen erstellt, und der Programmieraufwand&nbsp;auf ein Minimum&nbsp;reduziert werden,&nbsp;f\u00fcr eine Low-Code-Entwicklung. Brixx Web-Bausteine werden mit JSX (JavaScript XML) erstellt und k\u00f6nnen&nbsp;HTML-Dokumenten als Brixx-HTML-Elemente oder [&hellip;]<\/p>\n","protected":false},"author":1,"featured_media":0,"parent":0,"menu_order":0,"comment_status":"closed","ping_status":"closed","template":"template-home.php","meta":{"footnotes":""},"class_list":["post-6822","page","type-page","status-publish","hentry"],"_links":{"self":[{"href":"https:\/\/brixx.it\/index.php?rest_route=\/wp\/v2\/pages\/6822","targetHints":{"allow":["GET"]}}],"collection":[{"href":"https:\/\/brixx.it\/index.php?rest_route=\/wp\/v2\/pages"}],"about":[{"href":"https:\/\/brixx.it\/index.php?rest_route=\/wp\/v2\/types\/page"}],"author":[{"embeddable":true,"href":"https:\/\/brixx.it\/index.php?rest_route=\/wp\/v2\/users\/1"}],"replies":[{"embeddable":true,"href":"https:\/\/brixx.it\/index.php?rest_route=%2Fwp%2Fv2%2Fcomments&post=6822"}],"version-history":[{"count":0,"href":"https:\/\/brixx.it\/index.php?rest_route=\/wp\/v2\/pages\/6822\/revisions"}],"wp:attachment":[{"href":"https:\/\/brixx.it\/index.php?rest_route=%2Fwp%2Fv2%2Fmedia&parent=6822"}],"curies":[{"name":"wp","href":"https:\/\/api.w.org\/{rel}","templated":true}]}}