{"id":6819,"date":"2025-10-03T13:44:06","date_gmt":"2025-10-03T13:44:06","guid":{"rendered":"https:\/\/brixx.it\/?page_id=6819"},"modified":"2026-02-15T10:26:47","modified_gmt":"2026-02-15T10:26:47","slug":"research-2","status":"publish","type":"page","link":"https:\/\/brixx.it\/?page_id=6819","title":{"rendered":"Development"},"content":{"rendered":"\t\t<div data-elementor-type=\"wp-page\" data-elementor-id=\"6819\" class=\"elementor elementor-6819\">\n\t\t\t\t\t\t<section class=\"elementor-section elementor-top-section elementor-element elementor-element-fc8a12d elementor-section-boxed elementor-section-height-default elementor-section-height-default\" data-id=\"fc8a12d\" data-element_type=\"section\" data-e-type=\"section\">\n\t\t\t\t\t\t<div class=\"elementor-container elementor-column-gap-default\">\n\t\t\t\t\t<div class=\"elementor-column elementor-col-100 elementor-top-column elementor-element elementor-element-af882ff\" data-id=\"af882ff\" data-element_type=\"column\" data-e-type=\"column\">\n\t\t\t<div class=\"elementor-widget-wrap elementor-element-populated\">\n\t\t\t\t\t\t<section class=\"elementor-section elementor-inner-section elementor-element elementor-element-8a4583a elementor-section-boxed elementor-section-height-default elementor-section-height-default\" data-id=\"8a4583a\" data-element_type=\"section\" data-e-type=\"section\">\n\t\t\t\t\t\t<div class=\"elementor-container elementor-column-gap-custom\">\n\t\t\t\t\t<div class=\"elementor-column elementor-col-50 elementor-inner-column elementor-element elementor-element-f3db1ab\" data-id=\"f3db1ab\" data-element_type=\"column\" data-e-type=\"column\">\n\t\t\t<div class=\"elementor-widget-wrap elementor-element-populated\">\n\t\t\t\t\t\t<div class=\"elementor-element elementor-element-3b17bbd elementor-widget elementor-widget-image\" data-id=\"3b17bbd\" data-element_type=\"widget\" data-e-type=\"widget\" data-widget_type=\"image.default\">\n\t\t\t\t\t\t\t\t\t\t\t\t\t\t\t<img fetchpriority=\"high\" decoding=\"async\" width=\"900\" height=\"500\" src=\"https:\/\/brixx.it\/wp-content\/uploads\/2026\/02\/Development.jpg\" class=\"attachment-full size-full wp-image-12082\" alt=\"\" srcset=\"https:\/\/brixx.it\/wp-content\/uploads\/2026\/02\/Development.jpg 900w, https:\/\/brixx.it\/wp-content\/uploads\/2026\/02\/Development-300x167.jpg 300w, https:\/\/brixx.it\/wp-content\/uploads\/2026\/02\/Development-768x427.jpg 768w\" sizes=\"(max-width: 900px) 100vw, 900px\" \/>\t\t\t\t\t\t\t\t\t\t\t\t\t\t\t<\/div>\n\t\t\t\t<div class=\"elementor-element elementor-element-e5e6010 elementor-widget elementor-widget-text-editor\" data-id=\"e5e6010\" data-element_type=\"widget\" data-e-type=\"widget\" data-widget_type=\"text-editor.default\">\n\t\t\t\t\t\t\t\t\t<p><span style=\"font-weight: 400; color: #5d5d5d;\">BRIXX:TechLab in der Gewerbegemeinschaft Am Renngraben<\/span><\/p>\t\t\t\t\t\t\t\t<\/div>\n\t\t\t\t\t<\/div>\n\t\t<\/div>\n\t\t\t\t<div class=\"elementor-column elementor-col-50 elementor-inner-column elementor-element elementor-element-cfecfc9\" data-id=\"cfecfc9\" data-element_type=\"column\" data-e-type=\"column\">\n\t\t\t<div class=\"elementor-widget-wrap elementor-element-populated\">\n\t\t\t\t\t\t<div class=\"elementor-element elementor-element-615833e nupur-star-rating--align-center elementor-widget elementor-widget-witr_section_title\" data-id=\"615833e\" data-element_type=\"widget\" data-e-type=\"widget\" data-widget_type=\"witr_section_title.default\">\n\t\t\t\t<div class=\"elementor-widget-container\">\n\t\t\t\t\t\t\t\t\t\t<!-- title left -->\n\t\t\t\t\t<div class=\"witr_section_title\">\n\t\t\t\t\t\t<div class=\"witr_section_title_inner text-left\">\n\t\t\t\t\t\t\n\t\t\t\t\t\t\t<!-- icon position -->\n\t\t\t\t\t\t\t\t\n\t\t\t\t\t\t\t<!-- end icon position -->\n\t\t\t\t\t\t\n\t\t\t\t\t\t\n\t\t\t\t\t\t\t<!-- title top -->\n\t\t\t\t\t\t\t\n\t\t\t\t\t\t\t<!-- icon position -->\n\t\t\t\t\t\t\t\t\n\t\t\t\t\t\t\t<!-- end icon position -->\n\n\t\t\t\t\t\t\t\n\t\t\t\t\t\t\t<!-- title middle -->\n\t\t\t\t\t\t\t\t\t\t\t\t\t\t\t<h3>BRIXX::TechLab<\/h3>\t\t\n\t\t\t\t\t\t\t\t\t\t\t\t\t\t<!-- title bottom -->\n\t\t\t\t\t\t\t\t\t\t\t\t\t\t\n\t\t\t\t\t\t\t<!-- icon position -->\n\t\t\t\t\t\t\t\t\t\t\t\t\t\t\n\t\t\t\t\t\t\t<!-- image -->\n\t\t\t\t\t\t\t\t\t\t\t\t\t\t<!-- icon -->\n\t\t\t\t\t\t\t\t\t\t\t\t\t\t\n\t\t\t\t\t\t\t<!-- bar -->\n\t\t\t\t\t\t\t\t\t\t\t\t\t\t<!-- circle bar -->\n\t\t\t\t\t\t\t\t\t\t\t\t\t\t\n\t\t\t\t\t\t\t\t\n\t\t\t\t\t\t\t<!-- end icon position -->\n\n\t\t\t\t\t\t\t<!-- content -->\n\t\t\t\t\t\t\t\t\t\t\t\t\t<\/div>\n\t\t\t\t\t\t\t<!-- inner title -->\n\t\t\t\t\t\t\t\t\t\t\t\t\t\n\t\t\t\t\t<\/div>\t\t\t\t\n\t\t\t\t\t\t\t\t<\/div>\n\t\t\t\t<\/div>\n\t\t\t\t<div class=\"elementor-element elementor-element-10d0119 elementor-widget elementor-widget-heading\" data-id=\"10d0119\" data-element_type=\"widget\" data-e-type=\"widget\" data-widget_type=\"heading.default\">\n\t\t\t\t\t<h2 class=\"elementor-heading-title elementor-size-default\"><span style=\"font-weight: normal\">[Solutions for your digital future]<\/span><\/h2>\t\t\t\t<\/div>\n\t\t\t\t<div class=\"elementor-element elementor-element-673bc67 elementor-widget__width-initial elementor-widget elementor-widget-text-editor\" data-id=\"673bc67\" data-element_type=\"widget\" data-e-type=\"widget\" data-widget_type=\"text-editor.default\">\n\t\t\t\t\t\t\t\t\t<p>In unserem <strong>BRIXX::TechLab<\/strong> entwickeln wir L\u00f6sungen f\u00fcr die digitale Zukunft, wie das Process Driven Development f\u00fcr eine anforderungsorientierte Entwicklung, erstellen\u00a0 interdisziplin\u00e4re L\u00f6sungen zur Mediensteuerung und verbinden Technologien. Wir bringen die unterschiedlichen Welten zusammen, sowie Experten aus verschiedenen Disziplinen, f\u00fcr eine effiziente Entwicklung, wie <a href=\"https:\/\/k2avconsult.de\/\" target=\"_blank\" rel=\"noopener\">K2AV-Consult<\/a>, unser AV-Wizard f\u00fcr smarte Komunikationsr\u00e4ume, <a href=\"https:\/\/www.crestron.com\/Training-Events\/Training\" target=\"_blank\" rel=\"noopener\">Crestron Masters Certified Programmer<\/a> und\u00a0<span data-teams=\"true\"><a href=\"https:\/\/www.extron.de\/article\/eaprogrammer\" target=\"_blank\" rel=\"noopener\">Extron Authorized Programmer<\/a>.<\/span><\/p>\t\t\t\t\t\t\t\t<\/div>\n\t\t\t\t\t<\/div>\n\t\t<\/div>\n\t\t\t\t\t<\/div>\n\t\t<\/section>\n\t\t\t\t<section class=\"elementor-section elementor-inner-section elementor-element elementor-element-74da82b elementor-section-boxed elementor-section-height-default elementor-section-height-default\" data-id=\"74da82b\" data-element_type=\"section\" data-e-type=\"section\">\n\t\t\t\t\t\t<div class=\"elementor-container elementor-column-gap-default\">\n\t\t\t\t\t<div class=\"elementor-column elementor-col-100 elementor-inner-column elementor-element elementor-element-ba91dfc\" data-id=\"ba91dfc\" data-element_type=\"column\" data-e-type=\"column\">\n\t\t\t<div class=\"elementor-widget-wrap elementor-element-populated\">\n\t\t\t\t\t\t<div class=\"elementor-element elementor-element-8345868 elementor-widget elementor-widget-witr_section_service\" data-id=\"8345868\" data-element_type=\"widget\" data-e-type=\"widget\" data-widget_type=\"witr_section_service.default\">\n\t\t\t\t<div class=\"elementor-widget-container\">\n\t\t\t\t\t\t\n\t\t\n\t\t\t<div class=\"em-service2 sleft all_color_service\">\n\t\t\t\t<div class=\"em_service_content \">\n\t\t\t\t\t<div class=\"em_single_service_text    single_seivice_ani \">\n\t\t\t\t\t\t<div class=\"service_top_image\">\n\t\t\t\t\t\t\t<!-- image -->\n\t\t\t\t\t\t\t\t\t\t\n\t\t\t\t\t\t<\/div>\n\t\t\t\t\t\t<div class=\"text_box witr_s_flex\">\n\t\t\t\t\t\t\t<div class=\"service_top_text all_icon_color\">\n\t\t\t\t\t\t\t\t<div class=\"em-service-icon\">\n\t\t\t\t\t\t\t\t\t<!-- icon -->\n\t\t\t\t\t\t\t\t\t\t\t\t\t\t\t\t\t\t\t<i class=\"fas fa-laptop-code\"><\/i>\n\t\t\t\t\t\t\t\t\t\t\t\t\t\t\n\t\t\t\t\t\t\t\t\t<!-- custom icon -->\n\t\t\t\t\t\t\t\t\t\t\t\t\t\t\t\t\t\t<!-- image -->\n\t\t\t\t\t\t\t\t\t\t\t\t\t\n\t\t\t\t\t\t\t\t<\/div>\t\t\t\n\t\t\t\t\t\t\t<\/div>\n\t\t\t\t\t\t\t<div class=\"em-service-inner\">\n\t\t\t\t\t\t\t\t<div class=\"em-service-title\">\n\t\t\t\t\t\t\t\t\t<!-- title -->\n\t\t\t\t\t\t\t\t\t\t\t\t\t\t\t\t\t\t \n\t\t\t\t\t\t\t\t\t\t<h3><a href=\"#\">Prozessgetriebene Entwicklung<\/a><\/h3>\n\t\t\t\t\t\t\t\t\t\t\t\t\t\t\t\t\t\t\t\t\t\t\t\t\t\t\t<!-- content -->\n\t\t\t\t\t\t\t\t<\/div>\t\t\t\t\t\t\n\t\t\t\t\t\t\t\t<div class=\"em-service-desc\">\n\t\t\t\t\t\t\t\t\t\t\t\t\t\t\t\t\t\t\t<p><div>Beim <b>Process Driven Development<\/b> steht die Anwendung im Mittelpunt f\u00fcr eine  anforderungsorientierte Entwicklung. Dabei folgt die Architektur den Anforderungen der Anwendung, und mit fachlichen Modulen kann die Entwicklung mit <b>Low-Code<\/b> auf ein Minimum reduziert werden.<\/div> <\/p>\t\t\n\t\t\t\t\t\t\t\t\t\t\t\t\t\t\t\t\t<\/div>\n\t\t\t\t\t\t\t\t<!-- button -->\n\t\t\t\t\t\t\t\t\t\t\t\t\n\t\t\t\t\t\t\t<\/div>\n\t\t\t\t\t\t<\/div>\n\t\t\t\t\t<\/div>\n\t\t\t\t<\/div>\n\t\t\t<\/div>\t\t\t\n\n\t\t\t\t\n\t\t\t\t\t\t<\/div>\n\t\t\t\t<\/div>\n\t\t\t\t<div class=\"elementor-element elementor-element-e6f6f67 elementor-widget elementor-widget-witr_section_service\" data-id=\"e6f6f67\" data-element_type=\"widget\" data-e-type=\"widget\" data-widget_type=\"witr_section_service.default\">\n\t\t\t\t<div class=\"elementor-widget-container\">\n\t\t\t\t\t\t\n\t\t\n\t\t\t<div class=\"em-service2 sleft all_color_service\">\n\t\t\t\t<div class=\"em_service_content \">\n\t\t\t\t\t<div class=\"em_single_service_text    single_seivice_ani \">\n\t\t\t\t\t\t<div class=\"service_top_image\">\n\t\t\t\t\t\t\t<!-- image -->\n\t\t\t\t\t\t\t\t\t\t\n\t\t\t\t\t\t<\/div>\n\t\t\t\t\t\t<div class=\"text_box witr_s_flex\">\n\t\t\t\t\t\t\t<div class=\"service_top_text all_icon_color\">\n\t\t\t\t\t\t\t\t<div class=\"em-service-icon\">\n\t\t\t\t\t\t\t\t\t<!-- icon -->\n\t\t\t\t\t\t\t\t\t\t\t\t\t\t\t\t\t\t\t<i class=\"fas fa-microchip\"><\/i>\n\t\t\t\t\t\t\t\t\t\t\t\t\t\t\n\t\t\t\t\t\t\t\t\t<!-- custom icon -->\n\t\t\t\t\t\t\t\t\t\t\t\t\t\t\t\t\t\t<!-- image -->\n\t\t\t\t\t\t\t\t\t\t\t\t\t\n\t\t\t\t\t\t\t\t<\/div>\t\t\t\n\t\t\t\t\t\t\t<\/div>\n\t\t\t\t\t\t\t<div class=\"em-service-inner\">\n\t\t\t\t\t\t\t\t<div class=\"em-service-title\">\n\t\t\t\t\t\t\t\t\t<!-- title -->\n\t\t\t\t\t\t\t\t\t\t\t\t\t\t\t\t\t\t \n\t\t\t\t\t\t\t\t\t\t<h3><a href=\"#\">LED-Steuerung<\/a><\/h3>\n\t\t\t\t\t\t\t\t\t\t\t\t\t\t\t\t\t\t\t\t\t\t\t\t\t\t\t<!-- content -->\n\t\t\t\t\t\t\t\t<\/div>\t\t\t\t\t\t\n\t\t\t\t\t\t\t\t<div class=\"em-service-desc\">\n\t\t\t\t\t\t\t\t\t\t\t\t\t\t\t\t\t\t\t<p><div>Wir entwickeln Hard- und Software-Module f\u00fcr dynamische LED-Steuerungen, beispielsweise f\u00fcr spezielle Lichtinstallationen mit ArtNet-DMX \u00e0 la <a href=\"https:\/\/www.madrix.com\/\" target=\"_blank\">MADRIX<\/a> und <a href=\"https:\/\/www.enttec.com\/\" target=\"_blank\">ELM\u2122<\/a>, ohne teure Lizenz- oder Hardwarekosten.<\/div> <\/p>\t\t\n\t\t\t\t\t\t\t\t\t\t\t\t\t\t\t\t\t<\/div>\n\t\t\t\t\t\t\t\t<!-- button -->\n\t\t\t\t\t\t\t\t\t\t\t\t\n\t\t\t\t\t\t\t<\/div>\n\t\t\t\t\t\t<\/div>\n\t\t\t\t\t<\/div>\n\t\t\t\t<\/div>\n\t\t\t<\/div>\t\t\t\n\n\t\t\t\t\n\t\t\t\t\t\t<\/div>\n\t\t\t\t<\/div>\n\t\t\t\t<div class=\"elementor-element elementor-element-e783de9 elementor-widget elementor-widget-witr_section_service\" data-id=\"e783de9\" data-element_type=\"widget\" data-e-type=\"widget\" data-widget_type=\"witr_section_service.default\">\n\t\t\t\t<div class=\"elementor-widget-container\">\n\t\t\t\t\t\t\n\t\t\n\t\t\t<div class=\"em-service2 sleft all_color_service\">\n\t\t\t\t<div class=\"em_service_content \">\n\t\t\t\t\t<div class=\"em_single_service_text    single_seivice_ani \">\n\t\t\t\t\t\t<div class=\"service_top_image\">\n\t\t\t\t\t\t\t<!-- image -->\n\t\t\t\t\t\t\t\t\t\t\n\t\t\t\t\t\t<\/div>\n\t\t\t\t\t\t<div class=\"text_box witr_s_flex\">\n\t\t\t\t\t\t\t<div class=\"service_top_text all_icon_color\">\n\t\t\t\t\t\t\t\t<div class=\"em-service-icon\">\n\t\t\t\t\t\t\t\t\t<!-- icon -->\n\t\t\t\t\t\t\t\t\t\t\t\t\t\t\t\t\t\t\t<i class=\"fas fa-sliders-h\"><\/i>\n\t\t\t\t\t\t\t\t\t\t\t\t\t\t\n\t\t\t\t\t\t\t\t\t<!-- custom icon -->\n\t\t\t\t\t\t\t\t\t\t\t\t\t\t\t\t\t\t<!-- image -->\n\t\t\t\t\t\t\t\t\t\t\t\t\t\n\t\t\t\t\t\t\t\t<\/div>\t\t\t\n\t\t\t\t\t\t\t<\/div>\n\t\t\t\t\t\t\t<div class=\"em-service-inner\">\n\t\t\t\t\t\t\t\t<div class=\"em-service-title\">\n\t\t\t\t\t\t\t\t\t<!-- title -->\n\t\t\t\t\t\t\t\t\t\t\t\t\t\t\t\t\t\t \n\t\t\t\t\t\t\t\t\t\t<h3><a href=\"#\">Mediensteuerung<\/a><\/h3>\n\t\t\t\t\t\t\t\t\t\t\t\t\t\t\t\t\t\t\t\t\t\t\t\t\t\t\t<!-- content -->\n\t\t\t\t\t\t\t\t<\/div>\t\t\t\t\t\t\n\t\t\t\t\t\t\t\t<div class=\"em-service-desc\">\n\t\t\t\t\t\t\t\t\t\t\t\t\t\t\t\t\t\t\t<p><div>Wir revolutionieren die klassische Mediensteuerung mit State-of-the-art Technologien, auch kombiniert mit Frameworks wie <a href=\"https:\/\/www.extron.de\/featured\/Programmierung-von-Steuerungssystemen\/programming\" target=\"_blank\">Extron ControlScript\u00ae<\/a> oder <a href=\"https:\/\/docs.Crestron.com\/en-us\/9450\/Content\/Programming.htm\" target=\"_blank\">Crestron Programming<\/a>. Dadurch reduzieren wir Hardware- und Entwicklungskosten, und bieten die M\u00f6glichkeit Projekte frei zu planen.<\/div> <\/p>\t\t\n\t\t\t\t\t\t\t\t\t\t\t\t\t\t\t\t\t<\/div>\n\t\t\t\t\t\t\t\t<!-- button -->\n\t\t\t\t\t\t\t\t\t\t\t\t\n\t\t\t\t\t\t\t<\/div>\n\t\t\t\t\t\t<\/div>\n\t\t\t\t\t<\/div>\n\t\t\t\t<\/div>\n\t\t\t<\/div>\t\t\t\n\n\t\t\t\t\n\t\t\t\t\t\t<\/div>\n\t\t\t\t<\/div>\n\t\t\t\t\t<\/div>\n\t\t<\/div>\n\t\t\t\t\t<\/div>\n\t\t<\/section>\n\t\t\t\t\t<\/div>\n\t\t<\/div>\n\t\t\t\t\t<\/div>\n\t\t<\/section>\n\t\t\t\t<\/div>\n\t\t","protected":false},"excerpt":{"rendered":"<p>BRIXX:TechLab in der Gewerbegemeinschaft Am Renngraben BRIXX::TechLab [Solutions for your digital future] In unserem BRIXX::TechLab entwickeln wir L\u00f6sungen f\u00fcr die digitale Zukunft, wie das Process Driven Development f\u00fcr eine anforderungsorientierte Entwicklung, erstellen\u00a0 interdisziplin\u00e4re L\u00f6sungen zur Mediensteuerung und verbinden Technologien. Wir bringen die unterschiedlichen Welten zusammen, sowie Experten aus verschiedenen Disziplinen, f\u00fcr eine effiziente Entwicklung, wie [&hellip;]<\/p>\n","protected":false},"author":1,"featured_media":0,"parent":0,"menu_order":0,"comment_status":"closed","ping_status":"closed","template":"template-home.php","meta":{"footnotes":""},"class_list":["post-6819","page","type-page","status-publish","hentry"],"_links":{"self":[{"href":"https:\/\/brixx.it\/index.php?rest_route=\/wp\/v2\/pages\/6819","targetHints":{"allow":["GET"]}}],"collection":[{"href":"https:\/\/brixx.it\/index.php?rest_route=\/wp\/v2\/pages"}],"about":[{"href":"https:\/\/brixx.it\/index.php?rest_route=\/wp\/v2\/types\/page"}],"author":[{"embeddable":true,"href":"https:\/\/brixx.it\/index.php?rest_route=\/wp\/v2\/users\/1"}],"replies":[{"embeddable":true,"href":"https:\/\/brixx.it\/index.php?rest_route=%2Fwp%2Fv2%2Fcomments&post=6819"}],"version-history":[{"count":17,"href":"https:\/\/brixx.it\/index.php?rest_route=\/wp\/v2\/pages\/6819\/revisions"}],"predecessor-version":[{"id":12095,"href":"https:\/\/brixx.it\/index.php?rest_route=\/wp\/v2\/pages\/6819\/revisions\/12095"}],"wp:attachment":[{"href":"https:\/\/brixx.it\/index.php?rest_route=%2Fwp%2Fv2%2Fmedia&parent=6819"}],"curies":[{"name":"wp","href":"https:\/\/api.w.org\/{rel}","templated":true}]}}