{"id":6817,"date":"2025-10-03T13:43:32","date_gmt":"2025-10-03T13:43:32","guid":{"rendered":"https:\/\/brixx.it\/?page_id=6817"},"modified":"2026-04-19T09:39:42","modified_gmt":"2026-04-19T09:39:42","slug":"development-2","status":"publish","type":"page","link":"https:\/\/brixx.it\/?page_id=6817","title":{"rendered":"Digital Signage"},"content":{"rendered":"\t\t<div data-elementor-type=\"wp-page\" data-elementor-id=\"6817\" class=\"elementor elementor-6817\">\n\t\t\t\t\t\t<section class=\"elementor-section elementor-top-section elementor-element elementor-element-fc8a12d elementor-section-boxed elementor-section-height-default elementor-section-height-default\" data-id=\"fc8a12d\" data-element_type=\"section\" data-e-type=\"section\">\n\t\t\t\t\t\t<div class=\"elementor-container elementor-column-gap-default\">\n\t\t\t\t\t<div class=\"elementor-column elementor-col-100 elementor-top-column elementor-element elementor-element-af882ff\" data-id=\"af882ff\" data-element_type=\"column\" data-e-type=\"column\">\n\t\t\t<div class=\"elementor-widget-wrap elementor-element-populated\">\n\t\t\t\t\t\t<section class=\"elementor-section elementor-inner-section elementor-element elementor-element-1713ed2 elementor-section-boxed elementor-section-height-default elementor-section-height-default\" data-id=\"1713ed2\" data-element_type=\"section\" data-e-type=\"section\">\n\t\t\t\t\t\t<div class=\"elementor-container elementor-column-gap-custom\">\n\t\t\t\t\t<div class=\"elementor-column elementor-col-50 elementor-inner-column elementor-element elementor-element-b784d1c\" data-id=\"b784d1c\" data-element_type=\"column\" data-e-type=\"column\">\n\t\t\t<div class=\"elementor-widget-wrap elementor-element-populated\">\n\t\t\t\t\t\t<div class=\"elementor-element elementor-element-3674ebf elementor-widget elementor-widget-image\" data-id=\"3674ebf\" data-element_type=\"widget\" data-e-type=\"widget\" data-widget_type=\"image.default\">\n\t\t\t\t\t\t\t\t\t\t\t\t\t\t\t<img fetchpriority=\"high\" decoding=\"async\" width=\"900\" height=\"500\" src=\"https:\/\/brixx.it\/wp-content\/uploads\/2026\/02\/DigitalSingage-e1771078669731.jpg\" class=\"attachment-full size-full wp-image-12056\" alt=\"\" srcset=\"https:\/\/brixx.it\/wp-content\/uploads\/2026\/02\/DigitalSingage-e1771078669731.jpg 900w, https:\/\/brixx.it\/wp-content\/uploads\/2026\/02\/DigitalSingage-e1771078669731-300x167.jpg 300w, https:\/\/brixx.it\/wp-content\/uploads\/2026\/02\/DigitalSingage-e1771078669731-768x427.jpg 768w\" sizes=\"(max-width: 900px) 100vw, 900px\" \/>\t\t\t\t\t\t\t\t\t\t\t\t\t\t\t<\/div>\n\t\t\t\t<div class=\"elementor-element elementor-element-fe8670b elementor-widget elementor-widget-text-editor\" data-id=\"fe8670b\" data-element_type=\"widget\" data-e-type=\"widget\" data-widget_type=\"text-editor.default\">\n\t\t\t\t\t\t\t\t\t<p><span style=\"font-weight: 400; color: #5d5d5d;\">Eco Door Sign, digital, powerless and\u00a0<\/span><span style=\"font-weight: 400; color: #5d5d5d;\">customizable display<\/span><\/p>\t\t\t\t\t\t\t\t<\/div>\n\t\t\t\t\t<\/div>\n\t\t<\/div>\n\t\t\t\t<div class=\"elementor-column elementor-col-50 elementor-inner-column elementor-element elementor-element-623b6eb\" data-id=\"623b6eb\" data-element_type=\"column\" data-e-type=\"column\">\n\t\t\t<div class=\"elementor-widget-wrap elementor-element-populated\">\n\t\t\t\t\t\t<div class=\"elementor-element elementor-element-2e26575 nupur-star-rating--align-center elementor-widget elementor-widget-witr_section_title\" data-id=\"2e26575\" data-element_type=\"widget\" data-e-type=\"widget\" data-widget_type=\"witr_section_title.default\">\n\t\t\t\t<div class=\"elementor-widget-container\">\n\t\t\t\t\t\t\t\t\t\t<!-- title left -->\n\t\t\t\t\t<div class=\"witr_section_title\">\n\t\t\t\t\t\t<div class=\"witr_section_title_inner text-left\">\n\t\t\t\t\t\t\n\t\t\t\t\t\t\t<!-- icon position -->\n\t\t\t\t\t\t\t\t\n\t\t\t\t\t\t\t<!-- end icon position -->\n\t\t\t\t\t\t\n\t\t\t\t\t\t\n\t\t\t\t\t\t\t<!-- title top -->\n\t\t\t\t\t\t\t\n\t\t\t\t\t\t\t<!-- icon position -->\n\t\t\t\t\t\t\t\t\n\t\t\t\t\t\t\t<!-- end icon position -->\n\n\t\t\t\t\t\t\t\n\t\t\t\t\t\t\t<!-- title middle -->\n\t\t\t\t\t\t\t\t\t\t\t\t\t\t\t<h3>BRIXX::Display<\/h3>\t\t\n\t\t\t\t\t\t\t\t\t\t\t\t\t\t<!-- title bottom -->\n\t\t\t\t\t\t\t\t\t\t\t\t\t\t\n\t\t\t\t\t\t\t<!-- icon position -->\n\t\t\t\t\t\t\t\t\t\t\t\t\t\t\n\t\t\t\t\t\t\t<!-- image -->\n\t\t\t\t\t\t\t\t\t\t\t\t\t\t<!-- icon -->\n\t\t\t\t\t\t\t\t\t\t\t\t\t\t\n\t\t\t\t\t\t\t<!-- bar -->\n\t\t\t\t\t\t\t\t\t\t\t\t\t\t<!-- circle bar -->\n\t\t\t\t\t\t\t\t\t\t\t\t\t\t\n\t\t\t\t\t\t\t\t\n\t\t\t\t\t\t\t<!-- end icon position -->\n\n\t\t\t\t\t\t\t<!-- content -->\n\t\t\t\t\t\t\t\t\t\t\t\t\t<\/div>\n\t\t\t\t\t\t\t<!-- inner title -->\n\t\t\t\t\t\t\t\t\t\t\t\t\t\n\t\t\t\t\t<\/div>\t\t\t\t\n\t\t\t\t\t\t\t\t<\/div>\n\t\t\t\t<\/div>\n\t\t\t\t<div class=\"elementor-element elementor-element-ae91f6c elementor-widget elementor-widget-heading\" data-id=\"ae91f6c\" data-element_type=\"widget\" data-e-type=\"widget\" data-widget_type=\"heading.default\">\n\t\t\t\t\t<h2 class=\"elementor-heading-title elementor-size-default\"><span style=\"font-weight: normal\">[Digital signage solutions]<\/span><\/h2>\t\t\t\t<\/div>\n\t\t\t\t<div class=\"elementor-element elementor-element-c979a94 elementor-widget__width-initial elementor-widget elementor-widget-text-editor\" data-id=\"c979a94\" data-element_type=\"widget\" data-e-type=\"widget\" data-widget_type=\"text-editor.default\">\n\t\t\t\t\t\t\t\t\t<div><strong>Nie wieder ausdrucken, ausschneiden oder kleben &#8230;<\/strong><\/div>\n<div>Beschriften Sie T\u00fcrschilder bequen digital, zu jeder Zeit, oder einem festgelegten Termin, mit unserem <b>BRIXX::Display Portal<\/b>. Wir bieten Produkte und L\u00f6sungen f\u00fcr Digital Signage Systeme, wie unser&nbsp;<i class=\"fa-solid fa-leaf\" style=\"color: black; font-size: 0.9rem;\"><\/i> <b style=\"black: green;\">Eco Door Sign<\/b>, und individuelle Display Systeme f\u00fcr alle Bereiche und Anforderungen.<\/div>\t\t\t\t\t\t\t\t<\/div>\n\t\t\t\t\t<\/div>\n\t\t<\/div>\n\t\t\t\t\t<\/div>\n\t\t<\/section>\n\t\t\t\t<div class=\"elementor-element elementor-element-2795a3e elementor-widget elementor-widget-text-editor\" data-id=\"2795a3e\" data-element_type=\"widget\" data-e-type=\"widget\" data-widget_type=\"text-editor.default\">\n\t\t\t\t\t\t\t\t\t<p>Dieser Bereich wird aktuell \u00fcberarbeitet!<\/p>\t\t\t\t\t\t\t\t<\/div>\n\t\t\t\t\t<\/div>\n\t\t<\/div>\n\t\t\t\t\t<\/div>\n\t\t<\/section>\n\t\t\t\t<\/div>\n\t\t","protected":false},"excerpt":{"rendered":"<p>Eco Door Sign, digital, powerless and\u00a0customizable display BRIXX::Display [Digital signage solutions] Nie wieder ausdrucken, ausschneiden oder kleben &#8230; Beschriften Sie T\u00fcrschilder bequen digital, zu jeder Zeit, oder einem festgelegten Termin, mit unserem BRIXX::Display Portal. Wir bieten Produkte und L\u00f6sungen f\u00fcr Digital Signage Systeme, wie unser&nbsp; Eco Door Sign, und individuelle Display Systeme f\u00fcr alle Bereiche [&hellip;]<\/p>\n","protected":false},"author":1,"featured_media":0,"parent":0,"menu_order":0,"comment_status":"closed","ping_status":"closed","template":"template-home.php","meta":{"footnotes":""},"class_list":["post-6817","page","type-page","status-publish","hentry"],"_links":{"self":[{"href":"https:\/\/brixx.it\/index.php?rest_route=\/wp\/v2\/pages\/6817","targetHints":{"allow":["GET"]}}],"collection":[{"href":"https:\/\/brixx.it\/index.php?rest_route=\/wp\/v2\/pages"}],"about":[{"href":"https:\/\/brixx.it\/index.php?rest_route=\/wp\/v2\/types\/page"}],"author":[{"embeddable":true,"href":"https:\/\/brixx.it\/index.php?rest_route=\/wp\/v2\/users\/1"}],"replies":[{"embeddable":true,"href":"https:\/\/brixx.it\/index.php?rest_route=%2Fwp%2Fv2%2Fcomments&post=6817"}],"version-history":[{"count":139,"href":"https:\/\/brixx.it\/index.php?rest_route=\/wp\/v2\/pages\/6817\/revisions"}],"predecessor-version":[{"id":12703,"href":"https:\/\/brixx.it\/index.php?rest_route=\/wp\/v2\/pages\/6817\/revisions\/12703"}],"wp:attachment":[{"href":"https:\/\/brixx.it\/index.php?rest_route=%2Fwp%2Fv2%2Fmedia&parent=6817"}],"curies":[{"name":"wp","href":"https:\/\/api.w.org\/{rel}","templated":true}]}}